{"id":184,"date":"2024-05-06T08:12:09","date_gmt":"2024-05-06T06:12:09","guid":{"rendered":"https:\/\/ernst-reuter.org\/hanna-reuter\/?page_id=184"},"modified":"2024-05-13T12:26:56","modified_gmt":"2024-05-13T10:26:56","slug":"impressum","status":"publish","type":"page","link":"https:\/\/ernst-reuter.org\/hanna-reuter\/impressum\/","title":{"rendered":"Impressum"},"content":{"rendered":"\n<h1 class=\"wp-block-heading headingfond has-large-font-size\">Impressum<\/h1>\n\n\n\n<h2 class=\"wp-block-heading has-small-font-size\"><strong>Herausgeber des Internetangebots nach \u00a7 5 TMG und \u00a7 55 RStV<\/strong><\/h2>\n\n\n\n<p class=\"textlink\">Stiftung Ernst-Reuter-Archiv<br>c\/o Landesarchiv Berlin<br>Eichborndamm 115 \u2013 121<br>13403 Berlin<br>Telefon +49 (0)30 90 264-231<br><a href=\"mailto:sera@landesarchiv.berlin.de\">sera@landesarchiv.berlin.de<\/a><br>Internet: <a href=\"http:\/\/www.ernst-reuter.de\">www.ernst-reuter.de<\/a>; ernst-reuter.org<\/p>\n\n\n\n<h2 class=\"wp-block-heading has-small-font-size\">Vertreter<\/h2>\n\n\n\n<p>Dr. Michael Bienert<\/p>\n\n\n\n<h2 class=\"wp-block-heading has-small-font-size\">Verantwortlich f\u00fcr den Inhalt<\/h2>\n\n\n\n<p>Dr. Michael Bienert<\/p>\n\n\n\n<h2 class=\"wp-block-heading has-small-font-size\">Rechtliche Hinweise<\/h2>\n\n\n\n<p>1. Haftungsbeschr\u00e4nkung<\/p>\n\n\n\n<p>Die Inhalte dieser Website werden mit gr\u00f6\u00dftm\u00f6glicher Sorgfalt erstellt. Die Stiftung Ernst-Reuter-Archiv \u00fcbernimmt jedoch keine Gew\u00e4hr f\u00fcr die Richtigkeit, Vollst\u00e4ndigkeit und Aktualit\u00e4t der bereitgestellten Inhalte. Die Stiftung Ernst-Reuter-Archiv beh\u00e4lt sich das Recht vor, ihr Angebot jederzeit zu \u00e4ndern oder einzustellen. F\u00fcr durch nicht fehlerfrei angelegte Dateien oder Formate bedingte Unterbrechungen oder anderweitige St\u00f6rungen kann die Stiftung Ernst-Reuter-Archiv keine Gew\u00e4hr \u00fcbernehmen.<\/p>\n\n\n\n<p>2. Externe Links<\/p>\n\n\n\n<p>Die Stiftung Ernst-Reuter-Archiv \u00fcbernimmt keine Verantwortung f\u00fcr die Inhalte von Webseiten, die \u00fcber Links im Rahmen des vorliegenden Internetangebotes erreicht werden. F\u00fcr den Inhalt verlinkter Seiten sind ausschlie\u00dflich deren Betreiber verantwortlich.<\/p>\n\n\n\n<p>Der Herausgeber distanziert sich ausdr\u00fccklich von allen Inhalten, die m\u00f6glicherweise straf- oder haftungsrechtlich relevant sind und gegen die guten Sitten versto\u00dfen. Bei Kenntnis von Rechtsverst\u00f6\u00dfen werden derartige externe Links unverz\u00fcglich gel\u00f6scht<\/p>\n\n\n\n<p>3. Urheberrecht<\/p>\n\n\n\n<p>Die Webseite \u201eHanna Reuter. PROJEKTTITEL\u201c ist urheberrechtlich gesch\u00fctzt. Eine Verwendung, Vervielf\u00e4ltigung oder Verbreitung bedarf der Zustimmung der Stiftung Ernst-Reuter-Archiv. Die unerlaubte Vervielf\u00e4ltigung oder Weitergabe einzelner Inhalte oder kompletter Seiten ist nicht gestattet und strafbar. Die Darstellung dieser Website in fremden Frames ist nur mit schriftlicher Erlaubnis zul\u00e4ssig.<\/p>\n\n\n\n<p>Die Seite wird laufend aktualisiert. Die Stiftung Ernst-Reuter-Archiv ist nach \u00a7 7 Abs.1 Telemediengesetz verantwortlich f\u00fcr die eigenen Inhalte, die es zur Nutzung bereith\u00e4lt.<\/p>\n\n\n\n<p>Fremde Inhalte werden von der Stiftung Ernst-Reuter-Archiv insoweit bereitgehalten, als sie durch externe Links gekennzeichnet sind. Da es sich bei diesen externen Links um dynamische Verweise handelt, kann die Stiftung Ernst-Reuter-Archiv nur bei der erstmaligen Verkn\u00fcpfung \u00fcberpr\u00fcfen, ob durch die einbezogenen Inhalte eine rechtliche Verantwortlichkeit ausgel\u00f6st wird. Eine weitergehende Pr\u00fcfungspflicht und Haftung f\u00fcr fremde Inhalte wird ausdr\u00fccklich ausgeschlossen.<\/p>\n\n\n\n<p>4. Datenschutz<\/p>\n\n\n\n<p>Die Nutzung der Webseite \u201eHanna Reuter. PROJEKTTITEL\u201c ist in der Regel ohne Angabe personenbezogener Daten m\u00f6glich. Soweit personenbezogene Daten (beispielsweise Name, Anschrift oder Email-Adressen) erhoben werden, erfolgt dies, soweit m\u00f6glich, stets auf freiwilliger Basis. Diese Daten werden ohne Ihre ausdr\u00fcckliche Zustimmung nicht an Dritte weitergegeben.<\/p>\n\n\n\n<p>Die Stiftung Ernst-Reuter-Archiv weist darauf hin, dass die Daten\u00fcbertragung im Internet (z.B. bei der Kommunikation per E-Mail) Sicherheitsl\u00fccken aufweisen kann. Ein l\u00fcckenloser Schutz der Daten vor dem Zugriff durch Dritte ist nicht m\u00f6glich. Der Nutzung von im Rahmen der Impressumspflicht ver\u00f6ffentlichten Kontaktdaten durch Dritte zur \u00dcbersendung von nicht ausdr\u00fccklich angeforderter Werbung und Informationsmaterialien wird hiermit ausdr\u00fccklich widersprochen.<\/p>\n\n\n\n<p>5. Erkl\u00e4rung zur digitalen Barrierefreiheit<\/p>\n\n\n\n<p>Die Stiftung Ernst-Reuter-Archiv beabsichtigt, ihren Webauftritt zuk\u00fcnftig barrierefrei zu gestalten. Die Erkl\u00e4rung zur digitalen Barrierefreiheit folgt den Bestimmungen des Gesetzes \u00fcber die barrierefreie Informations- und Kommunikationstechnik Berlin (BIKTG Bln.). Die technischen Anforderungen zur Barrierefreiheit ergeben sich aus der BITV 2.0.<\/p>\n\n\n\n<p>Diese Erkl\u00e4rung wurde am 14.02.2022 erstellt. Die technische \u00dcberpr\u00fcfung der Barrierefreiheit wurde von der Stiftung Ernst-Reuter-Archiv durchgef\u00fchrt. Dieser Webauftritt ist teilweise barrierefrei. Es werden nur teilweise die Anforderungen nach BITV 2.0. erf\u00fcllt.<\/p>\n","protected":false},"excerpt":{"rendered":"<p>Impressum Herausgeber des Internetangebots nach \u00a7 5 TMG und \u00a7 55 RStV Stiftung Ernst-Reuter-Archivc\/o Landesarchiv BerlinEichborndamm 115 \u2013 12113403 BerlinTelefon +49 (0)30 90 264-231sera@landesarchiv.berlin.deInternet: www.ernst-reuter.de; ernst-reuter.org Vertreter Dr. Michael Bienert Verantwortlich f\u00fcr den Inhalt Dr. Michael Bienert Rechtliche Hinweise 1. Haftungsbeschr\u00e4nkung Die Inhalte dieser Website werden mit gr\u00f6\u00dftm\u00f6glicher Sorgfalt erstellt. Die Stiftung Ernst-Reuter-Archiv \u00fcbernimmt jedoch [&hellip;]<\/p>\n","protected":false},"author":1,"featured_media":0,"parent":0,"menu_order":0,"comment_status":"closed","ping_status":"closed","template":"","meta":{"footnotes":""},"class_list":["post-184","page","type-page","status-publish","hentry"],"_links":{"self":[{"href":"https:\/\/ernst-reuter.org\/hanna-reuter\/wp-json\/wp\/v2\/pages\/184","targetHints":{"allow":["GET"]}}],"collection":[{"href":"https:\/\/ernst-reuter.org\/hanna-reuter\/wp-json\/wp\/v2\/pages"}],"about":[{"href":"https:\/\/ernst-reuter.org\/hanna-reuter\/wp-json\/wp\/v2\/types\/page"}],"author":[{"embeddable":true,"href":"https:\/\/ernst-reuter.org\/hanna-reuter\/wp-json\/wp\/v2\/users\/1"}],"replies":[{"embeddable":true,"href":"https:\/\/ernst-reuter.org\/hanna-reuter\/wp-json\/wp\/v2\/comments?post=184"}],"version-history":[{"count":6,"href":"https:\/\/ernst-reuter.org\/hanna-reuter\/wp-json\/wp\/v2\/pages\/184\/revisions"}],"predecessor-version":[{"id":408,"href":"https:\/\/ernst-reuter.org\/hanna-reuter\/wp-json\/wp\/v2\/pages\/184\/revisions\/408"}],"wp:attachment":[{"href":"https:\/\/ernst-reuter.org\/hanna-reuter\/wp-json\/wp\/v2\/media?parent=184"}],"curies":[{"name":"wp","href":"https:\/\/api.w.org\/{rel}","templated":true}]}}